{"id":111,"date":"2019-09-14T17:34:57","date_gmt":"2019-09-14T17:34:57","guid":{"rendered":"https:\/\/video-hoerl.com\/?page_id=111"},"modified":"2025-12-14T10:33:39","modified_gmt":"2025-12-14T10:33:39","slug":"startseite","status":"publish","type":"page","link":"https:\/\/video-hoerl.com\/","title":{"rendered":"Startseite"},"content":{"rendered":"\t\t<div data-elementor-type=\"wp-page\" data-elementor-id=\"111\" class=\"elementor elementor-111\">\n\t\t\t\t\t\t<section class=\"elementor-section elementor-top-section elementor-element elementor-element-1e14f9e elementor-section-boxed elementor-section-height-default elementor-section-height-default\" data-id=\"1e14f9e\" data-element_type=\"section\" data-e-type=\"section\">\n\t\t\t\t\t\t<div class=\"elementor-container elementor-column-gap-default\">\n\t\t\t\t\t<div class=\"elementor-column elementor-col-100 elementor-top-column elementor-element elementor-element-b562269\" data-id=\"b562269\" data-element_type=\"column\" data-e-type=\"column\">\n\t\t\t<div class=\"elementor-widget-wrap elementor-element-populated\">\n\t\t\t\t\t\t<div class=\"elementor-element elementor-element-8bd7e08 elementor-widget elementor-widget-spacer\" data-id=\"8bd7e08\" data-element_type=\"widget\" data-e-type=\"widget\" data-widget_type=\"spacer.default\">\n\t\t\t\t<div class=\"elementor-widget-container\">\n\t\t\t\t\t\t\t<div class=\"elementor-spacer\">\n\t\t\t<div class=\"elementor-spacer-inner\"><\/div>\n\t\t<\/div>\n\t\t\t\t\t\t<\/div>\n\t\t\t\t<\/div>\n\t\t\t\t<div class=\"elementor-element elementor-element-b5b1cc3 elementor-widget elementor-widget-text-editor\" data-id=\"b5b1cc3\" data-element_type=\"widget\" data-e-type=\"widget\" data-widget_type=\"text-editor.default\">\n\t\t\t\t<div class=\"elementor-widget-container\">\n\t\t\t\t\t\t\t\t\t<p style=\"font-size: 44px; color: #ca9b52; text-align: center; line-height: 110%;\">Was w\u00e4re eine Welt ohne Farben?<\/p>\t\t\t\t\t\t\t\t<\/div>\n\t\t\t\t<\/div>\n\t\t\t\t\t<\/div>\n\t\t<\/div>\n\t\t\t\t\t<\/div>\n\t\t<\/section>\n\t\t\t\t<section class=\"elementor-section elementor-top-section elementor-element elementor-element-50ae39f elementor-section-boxed elementor-section-height-default elementor-section-height-default\" data-id=\"50ae39f\" data-element_type=\"section\" data-e-type=\"section\">\n\t\t\t\t\t\t<div class=\"elementor-container elementor-column-gap-default\">\n\t\t\t\t\t<div class=\"elementor-column elementor-col-100 elementor-top-column elementor-element elementor-element-347a5e4\" data-id=\"347a5e4\" data-element_type=\"column\" data-e-type=\"column\">\n\t\t\t<div class=\"elementor-widget-wrap elementor-element-populated\">\n\t\t\t\t\t\t<div class=\"elementor-element elementor-element-2cd6325 elementor-widget elementor-widget-text-editor\" data-id=\"2cd6325\" data-element_type=\"widget\" data-e-type=\"widget\" data-widget_type=\"text-editor.default\">\n\t\t\t\t<div class=\"elementor-widget-container\">\n\t\t\t\t\t\t\t\t\t<p style=\"font-size: 18px; text-align: center; color: black;\">Sie wollen aus Ihrem Filmmaterial emotional ber\u00fchrende Bilder mit Atmosph\u00e4re machen?<br>\nMit professioneller Unterst\u00fctzung und viel Feingef\u00fchl sorge ich f\u00fcr optimale Farb-Ergebnisse bei <br>\nFilmproduktionen,\n Werbe-Spots oder Videos. Gemeinsam finden wir den perfekten Look f\u00fcr Ihre Szenen.<\/p>\t\t\t\t\t\t\t\t<\/div>\n\t\t\t\t<\/div>\n\t\t\t\t<div class=\"elementor-element elementor-element-6eaf6d2 elementor-widget elementor-widget-text-editor\" data-id=\"6eaf6d2\" data-element_type=\"widget\" data-e-type=\"widget\" data-widget_type=\"text-editor.default\">\n\t\t\t\t<div class=\"elementor-widget-container\">\n\t\t\t\t\t\t\t\t\t<p style=\"text-align: center; font-size: 18px; color: black;\"><span style=\"font-family: var( --e-global-typography-text-font-family ), Sans-serif; font-weight: var( --e-global-typography-text-font-weight ); letter-spacing: 0px;\">Wir sind jetzt zu zweit. Thomas Hanser und ich freuen uns auf Ihre Projekte.<br>Besuchen Sie gerne auch unsere Webseite <a href=\"http:\/\/www.thecolorists.de\">www.thecolorists.de<\/a>.<br><\/span><\/p>\t\t\t\t\t\t\t\t<\/div>\n\t\t\t\t<\/div>\n\t\t\t\t\t<\/div>\n\t\t<\/div>\n\t\t\t\t\t<\/div>\n\t\t<\/section>\n\t\t\t\t<section class=\"elementor-section elementor-top-section elementor-element elementor-element-fef199d elementor-section-boxed elementor-section-height-default elementor-section-height-default\" data-id=\"fef199d\" data-element_type=\"section\" data-e-type=\"section\">\n\t\t\t\t\t\t<div class=\"elementor-container elementor-column-gap-default\">\n\t\t\t\t\t<div class=\"elementor-column elementor-col-100 elementor-top-column elementor-element elementor-element-0dcf63c\" data-id=\"0dcf63c\" data-element_type=\"column\" data-e-type=\"column\">\n\t\t\t<div class=\"elementor-widget-wrap elementor-element-populated\">\n\t\t\t\t\t\t<div class=\"elementor-element elementor-element-a466cca elementor-widget elementor-widget-spacer\" data-id=\"a466cca\" data-element_type=\"widget\" data-e-type=\"widget\" data-widget_type=\"spacer.default\">\n\t\t\t\t<div class=\"elementor-widget-container\">\n\t\t\t\t\t\t\t<div class=\"elementor-spacer\">\n\t\t\t<div class=\"elementor-spacer-inner\"><\/div>\n\t\t<\/div>\n\t\t\t\t\t\t<\/div>\n\t\t\t\t<\/div>\n\t\t\t\t\t<\/div>\n\t\t<\/div>\n\t\t\t\t\t<\/div>\n\t\t<\/section>\n\t\t\t\t<section class=\"elementor-section elementor-top-section elementor-element elementor-element-2883015 elementor-section-boxed elementor-section-height-default elementor-section-height-default\" data-id=\"2883015\" data-element_type=\"section\" data-e-type=\"section\">\n\t\t\t\t\t\t<div class=\"elementor-container elementor-column-gap-default\">\n\t\t\t\t\t<div class=\"elementor-column elementor-col-100 elementor-top-column elementor-element elementor-element-c7664e9\" data-id=\"c7664e9\" data-element_type=\"column\" data-e-type=\"column\">\n\t\t\t<div class=\"elementor-widget-wrap elementor-element-populated\">\n\t\t\t\t\t\t<div class=\"elementor-element elementor-element-cf82800 elementor-button-warning elementor-align-center elementor-widget elementor-widget-button\" data-id=\"cf82800\" data-element_type=\"widget\" data-e-type=\"widget\" data-widget_type=\"button.default\">\n\t\t\t\t<div class=\"elementor-widget-container\">\n\t\t\t\t\t\t\t\t\t<div class=\"elementor-button-wrapper\">\n\t\t\t\t\t<a class=\"elementor-button elementor-button-link elementor-size-sm\" href=\"https:\/\/video-hoerl.com\/?page_id=93\">\n\t\t\t\t\t\t<span class=\"elementor-button-content-wrapper\">\n\t\t\t\t\t\t\t\t\t<span class=\"elementor-button-text\">Zu den Color Grading Projekten<\/span>\n\t\t\t\t\t<\/span>\n\t\t\t\t\t<\/a>\n\t\t\t\t<\/div>\n\t\t\t\t\t\t\t\t<\/div>\n\t\t\t\t<\/div>\n\t\t\t\t<div class=\"elementor-element elementor-element-67b5a31 elementor-widget elementor-widget-spacer\" data-id=\"67b5a31\" data-element_type=\"widget\" data-e-type=\"widget\" data-widget_type=\"spacer.default\">\n\t\t\t\t<div class=\"elementor-widget-container\">\n\t\t\t\t\t\t\t<div class=\"elementor-spacer\">\n\t\t\t<div class=\"elementor-spacer-inner\"><\/div>\n\t\t<\/div>\n\t\t\t\t\t\t<\/div>\n\t\t\t\t<\/div>\n\t\t\t\t\t<\/div>\n\t\t<\/div>\n\t\t\t\t\t<\/div>\n\t\t<\/section>\n\t\t\t\t<section class=\"elementor-section elementor-top-section elementor-element elementor-element-ef8cb1d elementor-section-boxed elementor-section-height-default elementor-section-height-default\" data-id=\"ef8cb1d\" data-element_type=\"section\" data-e-type=\"section\">\n\t\t\t\t\t\t<div class=\"elementor-container elementor-column-gap-default\">\n\t\t\t\t\t<div class=\"elementor-column elementor-col-100 elementor-top-column elementor-element elementor-element-1a4b686\" data-id=\"1a4b686\" data-element_type=\"column\" data-e-type=\"column\">\n\t\t\t<div class=\"elementor-widget-wrap elementor-element-populated\">\n\t\t\t\t\t\t<div class=\"elementor-element elementor-element-ac17879 elementor-widget elementor-widget-text-editor\" data-id=\"ac17879\" data-element_type=\"widget\" data-e-type=\"widget\" data-widget_type=\"text-editor.default\">\n\t\t\t\t<div class=\"elementor-widget-container\">\n\t\t\t\t\t\t\t\t\t<p style=\"font-size: 16px; color: black;\">Ein Showreel aus meiner Zeit im Red Bull Media House (2021-2022) kann ich Ihnen gerne auf Anfrage zukommen lassen.<\/p>\t\t\t\t\t\t\t\t<\/div>\n\t\t\t\t<\/div>\n\t\t\t\t\t<\/div>\n\t\t<\/div>\n\t\t\t\t\t<\/div>\n\t\t<\/section>\n\t\t\t\t<section class=\"elementor-section elementor-top-section elementor-element elementor-element-2ff7aa5 elementor-section-boxed elementor-section-height-default elementor-section-height-default\" data-id=\"2ff7aa5\" data-element_type=\"section\" data-e-type=\"section\">\n\t\t\t\t\t\t<div class=\"elementor-container elementor-column-gap-default\">\n\t\t\t\t\t<div class=\"elementor-column elementor-col-100 elementor-top-column elementor-element elementor-element-422f347\" data-id=\"422f347\" data-element_type=\"column\" data-e-type=\"column\">\n\t\t\t<div class=\"elementor-widget-wrap elementor-element-populated\">\n\t\t\t\t\t\t<div class=\"elementor-element elementor-element-e3e2e45 elementor-widget elementor-widget-spacer\" data-id=\"e3e2e45\" data-element_type=\"widget\" data-e-type=\"widget\" data-widget_type=\"spacer.default\">\n\t\t\t\t<div class=\"elementor-widget-container\">\n\t\t\t\t\t\t\t<div class=\"elementor-spacer\">\n\t\t\t<div class=\"elementor-spacer-inner\"><\/div>\n\t\t<\/div>\n\t\t\t\t\t\t<\/div>\n\t\t\t\t<\/div>\n\t\t\t\t\t<\/div>\n\t\t<\/div>\n\t\t\t\t\t<\/div>\n\t\t<\/section>\n\t\t\t\t<\/div>\n\t\t","protected":false},"excerpt":{"rendered":"<p>Was w\u00e4re eine Welt ohne Farben? Sie wollen aus Ihrem Filmmaterial emotional ber\u00fchrende Bilder mit Atmosph\u00e4re machen? Mit professioneller Unterst\u00fctzung und viel Feingef\u00fchl sorge ich f\u00fcr optimale Farb-Ergebnisse bei Filmproduktionen, Werbe-Spots oder Videos. Gemeinsam finden wir den perfekten Look f\u00fcr Ihre Szenen. Wir sind jetzt zu zweit. Thomas Hanser und ich freuen uns auf Ihre Projekte.Besuchen Sie gerne auch unsere Webseite www.thecolorists.de. Zu den Color Grading Projekten Ein Showreel aus meiner Zeit im Red Bull Media House (2021-2022) kann ich Ihnen gerne auf Anfrage zukommen lassen.<\/p>\n","protected":false},"author":1,"featured_media":0,"parent":0,"menu_order":0,"comment_status":"closed","ping_status":"closed","template":"elementor_header_footer","meta":{"footnotes":""},"class_list":["post-111","page","type-page","status-publish","hentry"],"yoast_head":"<!-- This site is optimized with the Yoast SEO plugin v27.3 - https:\/\/yoast.com\/product\/yoast-seo-wordpress\/ -->\n<title>Video &amp; Color Grading Johanna H\u00f6rl<\/title>\n<meta name=\"description\" content=\"Mit professioneller Unterst\u00fctzung und viel Feingef\u00fchl sorge ich f\u00fcr optimale Color Grading Ergebnisse bei Filmproduktionen, Werbe-Spots oder Videos. Johanna H\u00f6rl.\" \/>\n<meta name=\"robots\" content=\"index, follow, max-snippet:-1, max-image-preview:large, max-video-preview:-1\" \/>\n<link rel=\"canonical\" href=\"https:\/\/video-hoerl.com\/\" \/>\n<meta property=\"og:locale\" content=\"de_DE\" \/>\n<meta property=\"og:type\" content=\"article\" \/>\n<meta property=\"og:title\" content=\"Video &amp; Color Grading Johanna H\u00f6rl\" \/>\n<meta property=\"og:description\" content=\"Mit professioneller Unterst\u00fctzung und viel Feingef\u00fchl sorge ich f\u00fcr optimale Color Grading Ergebnisse bei Filmproduktionen, Werbe-Spots oder Videos. Johanna H\u00f6rl.\" \/>\n<meta property=\"og:url\" content=\"https:\/\/video-hoerl.com\/\" \/>\n<meta property=\"og:site_name\" content=\"Video &amp; Color Grading Johanna H\u00f6rl\" \/>\n<meta property=\"article:modified_time\" content=\"2025-12-14T10:33:39+00:00\" \/>\n<meta name=\"twitter:card\" content=\"summary_large_image\" \/>\n<meta name=\"twitter:label1\" content=\"Gesch\u00e4tzte Lesezeit\" \/>\n\t<meta name=\"twitter:data1\" content=\"1\u00a0Minute\" \/>\n<script type=\"application\/ld+json\" class=\"yoast-schema-graph\">{\"@context\":\"https:\\\/\\\/schema.org\",\"@graph\":[{\"@type\":\"WebPage\",\"@id\":\"https:\\\/\\\/video-hoerl.com\\\/\",\"url\":\"https:\\\/\\\/video-hoerl.com\\\/\",\"name\":\"Video & Color Grading Johanna H\u00f6rl\",\"isPartOf\":{\"@id\":\"https:\\\/\\\/video-hoerl.com\\\/#website\"},\"datePublished\":\"2019-09-14T17:34:57+00:00\",\"dateModified\":\"2025-12-14T10:33:39+00:00\",\"description\":\"Mit professioneller Unterst\u00fctzung und viel Feingef\u00fchl sorge ich f\u00fcr optimale Color Grading Ergebnisse bei Filmproduktionen, Werbe-Spots oder Videos. Johanna H\u00f6rl.\",\"breadcrumb\":{\"@id\":\"https:\\\/\\\/video-hoerl.com\\\/#breadcrumb\"},\"inLanguage\":\"de\",\"potentialAction\":[{\"@type\":\"ReadAction\",\"target\":[\"https:\\\/\\\/video-hoerl.com\\\/\"]}]},{\"@type\":\"BreadcrumbList\",\"@id\":\"https:\\\/\\\/video-hoerl.com\\\/#breadcrumb\",\"itemListElement\":[{\"@type\":\"ListItem\",\"position\":1,\"name\":\"Startseite\",\"item\":\"https:\\\/\\\/video-hoerl.com\\\/\"},{\"@type\":\"ListItem\",\"position\":2,\"name\":\"Startseite\"}]},{\"@type\":\"WebSite\",\"@id\":\"https:\\\/\\\/video-hoerl.com\\\/#website\",\"url\":\"https:\\\/\\\/video-hoerl.com\\\/\",\"name\":\"Video &amp; Color Grading Johanna H\u00f6rl\",\"description\":\"\",\"potentialAction\":[{\"@type\":\"SearchAction\",\"target\":{\"@type\":\"EntryPoint\",\"urlTemplate\":\"https:\\\/\\\/video-hoerl.com\\\/?s={search_term_string}\"},\"query-input\":{\"@type\":\"PropertyValueSpecification\",\"valueRequired\":true,\"valueName\":\"search_term_string\"}}],\"inLanguage\":\"de\"}]}<\/script>\n<!-- \/ Yoast SEO plugin. -->","yoast_head_json":{"title":"Video & Color Grading Johanna H\u00f6rl","description":"Mit professioneller Unterst\u00fctzung und viel Feingef\u00fchl sorge ich f\u00fcr optimale Color Grading Ergebnisse bei Filmproduktionen, Werbe-Spots oder Videos. Johanna H\u00f6rl.","robots":{"index":"index","follow":"follow","max-snippet":"max-snippet:-1","max-image-preview":"max-image-preview:large","max-video-preview":"max-video-preview:-1"},"canonical":"https:\/\/video-hoerl.com\/","og_locale":"de_DE","og_type":"article","og_title":"Video & Color Grading Johanna H\u00f6rl","og_description":"Mit professioneller Unterst\u00fctzung und viel Feingef\u00fchl sorge ich f\u00fcr optimale Color Grading Ergebnisse bei Filmproduktionen, Werbe-Spots oder Videos. Johanna H\u00f6rl.","og_url":"https:\/\/video-hoerl.com\/","og_site_name":"Video &amp; Color Grading Johanna H\u00f6rl","article_modified_time":"2025-12-14T10:33:39+00:00","twitter_card":"summary_large_image","twitter_misc":{"Gesch\u00e4tzte Lesezeit":"1\u00a0Minute"},"schema":{"@context":"https:\/\/schema.org","@graph":[{"@type":"WebPage","@id":"https:\/\/video-hoerl.com\/","url":"https:\/\/video-hoerl.com\/","name":"Video & Color Grading Johanna H\u00f6rl","isPartOf":{"@id":"https:\/\/video-hoerl.com\/#website"},"datePublished":"2019-09-14T17:34:57+00:00","dateModified":"2025-12-14T10:33:39+00:00","description":"Mit professioneller Unterst\u00fctzung und viel Feingef\u00fchl sorge ich f\u00fcr optimale Color Grading Ergebnisse bei Filmproduktionen, Werbe-Spots oder Videos. Johanna H\u00f6rl.","breadcrumb":{"@id":"https:\/\/video-hoerl.com\/#breadcrumb"},"inLanguage":"de","potentialAction":[{"@type":"ReadAction","target":["https:\/\/video-hoerl.com\/"]}]},{"@type":"BreadcrumbList","@id":"https:\/\/video-hoerl.com\/#breadcrumb","itemListElement":[{"@type":"ListItem","position":1,"name":"Startseite","item":"https:\/\/video-hoerl.com\/"},{"@type":"ListItem","position":2,"name":"Startseite"}]},{"@type":"WebSite","@id":"https:\/\/video-hoerl.com\/#website","url":"https:\/\/video-hoerl.com\/","name":"Video &amp; Color Grading Johanna H\u00f6rl","description":"","potentialAction":[{"@type":"SearchAction","target":{"@type":"EntryPoint","urlTemplate":"https:\/\/video-hoerl.com\/?s={search_term_string}"},"query-input":{"@type":"PropertyValueSpecification","valueRequired":true,"valueName":"search_term_string"}}],"inLanguage":"de"}]}},"_links":{"self":[{"href":"https:\/\/video-hoerl.com\/index.php?rest_route=\/wp\/v2\/pages\/111","targetHints":{"allow":["GET"]}}],"collection":[{"href":"https:\/\/video-hoerl.com\/index.php?rest_route=\/wp\/v2\/pages"}],"about":[{"href":"https:\/\/video-hoerl.com\/index.php?rest_route=\/wp\/v2\/types\/page"}],"author":[{"embeddable":true,"href":"https:\/\/video-hoerl.com\/index.php?rest_route=\/wp\/v2\/users\/1"}],"replies":[{"embeddable":true,"href":"https:\/\/video-hoerl.com\/index.php?rest_route=%2Fwp%2Fv2%2Fcomments&post=111"}],"version-history":[{"count":145,"href":"https:\/\/video-hoerl.com\/index.php?rest_route=\/wp\/v2\/pages\/111\/revisions"}],"predecessor-version":[{"id":1201,"href":"https:\/\/video-hoerl.com\/index.php?rest_route=\/wp\/v2\/pages\/111\/revisions\/1201"}],"wp:attachment":[{"href":"https:\/\/video-hoerl.com\/index.php?rest_route=%2Fwp%2Fv2%2Fmedia&parent=111"}],"curies":[{"name":"wp","href":"https:\/\/api.w.org\/{rel}","templated":true}]}}