{"id":240,"date":"2020-02-23T16:57:52","date_gmt":"2020-02-23T16:57:52","guid":{"rendered":"https:\/\/video-hoerl.com\/?page_id=240"},"modified":"2021-02-03T18:29:45","modified_gmt":"2021-02-03T18:29:45","slug":"krav-maga-salzburg-land-winterseminar-2019","status":"publish","type":"page","link":"https:\/\/video-hoerl.com\/?page_id=240","title":{"rendered":"Krav Maga Salzburg Land \u2013 Winterseminar 2019"},"content":{"rendered":"\t\t<div data-elementor-type=\"wp-page\" data-elementor-id=\"240\" class=\"elementor elementor-240\">\n\t\t\t\t\t\t<section class=\"elementor-section elementor-top-section elementor-element elementor-element-0cb42df elementor-section-boxed elementor-section-height-default elementor-section-height-default\" data-id=\"0cb42df\" data-element_type=\"section\" data-e-type=\"section\">\n\t\t\t\t\t\t<div class=\"elementor-container elementor-column-gap-default\">\n\t\t\t\t\t<div class=\"elementor-column elementor-col-100 elementor-top-column elementor-element elementor-element-038a41a\" data-id=\"038a41a\" data-element_type=\"column\" data-e-type=\"column\">\n\t\t\t<div class=\"elementor-widget-wrap elementor-element-populated\">\n\t\t\t\t\t\t<div class=\"elementor-element elementor-element-6ef0781 elementor-widget elementor-widget-spacer\" data-id=\"6ef0781\" data-element_type=\"widget\" data-e-type=\"widget\" data-widget_type=\"spacer.default\">\n\t\t\t\t<div class=\"elementor-widget-container\">\n\t\t\t\t\t\t\t<div class=\"elementor-spacer\">\n\t\t\t<div class=\"elementor-spacer-inner\"><\/div>\n\t\t<\/div>\n\t\t\t\t\t\t<\/div>\n\t\t\t\t<\/div>\n\t\t\t\t<div class=\"elementor-element elementor-element-f80597c elementor-widget elementor-widget-text-editor\" data-id=\"f80597c\" data-element_type=\"widget\" data-e-type=\"widget\" data-widget_type=\"text-editor.default\">\n\t\t\t\t<div class=\"elementor-widget-container\">\n\t\t\t\t\t\t\t\t\t<p style=\"font-size: 24px; color: #ca9b52;\">Krav Maga Salzburg Land \u2013 Winterseminar 2019<\/p>\t\t\t\t\t\t\t\t<\/div>\n\t\t\t\t<\/div>\n\t\t\t\t\t<\/div>\n\t\t<\/div>\n\t\t\t\t\t<\/div>\n\t\t<\/section>\n\t\t\t\t<section class=\"elementor-section elementor-top-section elementor-element elementor-element-3fa9705 elementor-section-boxed elementor-section-height-default elementor-section-height-default\" data-id=\"3fa9705\" data-element_type=\"section\" data-e-type=\"section\">\n\t\t\t\t\t\t<div class=\"elementor-container elementor-column-gap-default\">\n\t\t\t\t\t<div class=\"elementor-column elementor-col-100 elementor-top-column elementor-element elementor-element-5fee330\" data-id=\"5fee330\" data-element_type=\"column\" data-e-type=\"column\">\n\t\t\t<div class=\"elementor-widget-wrap\">\n\t\t\t\t\t\t\t<\/div>\n\t\t<\/div>\n\t\t\t\t\t<\/div>\n\t\t<\/section>\n\t\t\t\t<section class=\"elementor-section elementor-top-section elementor-element elementor-element-7d394cb elementor-section-boxed elementor-section-height-default elementor-section-height-default\" data-id=\"7d394cb\" data-element_type=\"section\" data-e-type=\"section\">\n\t\t\t\t\t\t<div class=\"elementor-container elementor-column-gap-default\">\n\t\t\t\t\t<div class=\"elementor-column elementor-col-100 elementor-top-column elementor-element elementor-element-a0d8cae\" data-id=\"a0d8cae\" data-element_type=\"column\" data-e-type=\"column\">\n\t\t\t<div class=\"elementor-widget-wrap elementor-element-populated\">\n\t\t\t\t\t\t<div class=\"elementor-element elementor-element-8a49f23 elementor-widget elementor-widget-html\" data-id=\"8a49f23\" data-element_type=\"widget\" data-e-type=\"widget\" data-widget_type=\"html.default\">\n\t\t\t\t<div class=\"elementor-widget-container\">\n\t\t\t\t\t<iframe src=\"https:\/\/www.facebook.com\/plugins\/video.php?href=https%3A%2F%2Fwww.facebook.com%2FKravMagaSalzburgLand%2Fvideos%2F333471643950000%2F&show_text=0&width=560\" width=\"100%\" height=\"630\" style=\"border:none;overflow:hidden\" scrolling=\"no\" frameborder=\"0\" allowTransparency=\"true\" allowFullScreen=\"true\"><\/iframe>\n\t\t\t\t<\/div>\n\t\t\t\t<\/div>\n\t\t\t\t\t<\/div>\n\t\t<\/div>\n\t\t\t\t\t<\/div>\n\t\t<\/section>\n\t\t\t\t<section class=\"elementor-section elementor-top-section elementor-element elementor-element-333dc16 elementor-section-boxed elementor-section-height-default elementor-section-height-default\" data-id=\"333dc16\" data-element_type=\"section\" data-e-type=\"section\">\n\t\t\t\t\t\t<div class=\"elementor-container elementor-column-gap-default\">\n\t\t\t\t\t<div class=\"elementor-column elementor-col-100 elementor-top-column elementor-element elementor-element-0ed33de\" data-id=\"0ed33de\" data-element_type=\"column\" data-e-type=\"column\">\n\t\t\t<div class=\"elementor-widget-wrap elementor-element-populated\">\n\t\t\t\t\t\t<div class=\"elementor-element elementor-element-8794b9e elementor-widget elementor-widget-text-editor\" data-id=\"8794b9e\" data-element_type=\"widget\" data-e-type=\"widget\" data-widget_type=\"text-editor.default\">\n\t\t\t\t<div class=\"elementor-widget-container\">\n\t\t\t\t\t\t\t\t\t<p style=\"color: black; font-size: 17px;\"><strong>Krav Maga Winterseminar 2019 in Faistenau<br \/><\/strong>Gedreht mit einer Panasonic Lumix GH5. <br \/>Verantwortlich f\u00fcr Planung, Dreh und Schnitt.<\/p>\t\t\t\t\t\t\t\t<\/div>\n\t\t\t\t<\/div>\n\t\t\t\t\t<\/div>\n\t\t<\/div>\n\t\t\t\t\t<\/div>\n\t\t<\/section>\n\t\t\t\t<section class=\"elementor-section elementor-top-section elementor-element elementor-element-bda7235 elementor-section-boxed elementor-section-height-default elementor-section-height-default\" data-id=\"bda7235\" data-element_type=\"section\" data-e-type=\"section\">\n\t\t\t\t\t\t<div class=\"elementor-container elementor-column-gap-default\">\n\t\t\t\t\t<div class=\"elementor-column elementor-col-100 elementor-top-column elementor-element elementor-element-cbacfeb\" data-id=\"cbacfeb\" data-element_type=\"column\" data-e-type=\"column\">\n\t\t\t<div class=\"elementor-widget-wrap elementor-element-populated\">\n\t\t\t\t\t\t<div class=\"elementor-element elementor-element-006648e elementor-widget elementor-widget-spacer\" data-id=\"006648e\" data-element_type=\"widget\" data-e-type=\"widget\" data-widget_type=\"spacer.default\">\n\t\t\t\t<div class=\"elementor-widget-container\">\n\t\t\t\t\t\t\t<div class=\"elementor-spacer\">\n\t\t\t<div class=\"elementor-spacer-inner\"><\/div>\n\t\t<\/div>\n\t\t\t\t\t\t<\/div>\n\t\t\t\t<\/div>\n\t\t\t\t\t<\/div>\n\t\t<\/div>\n\t\t\t\t\t<\/div>\n\t\t<\/section>\n\t\t\t\t<\/div>\n\t\t","protected":false},"excerpt":{"rendered":"<p>Krav Maga Salzburg Land \u2013 Winterseminar 2019 Krav Maga Winterseminar 2019 in FaistenauGedreht mit einer Panasonic Lumix GH5. Verantwortlich f\u00fcr Planung, Dreh und Schnitt.<\/p>\n","protected":false},"author":1,"featured_media":0,"parent":0,"menu_order":0,"comment_status":"closed","ping_status":"closed","template":"elementor_header_footer","meta":{"footnotes":""},"class_list":["post-240","page","type-page","status-publish","hentry"],"yoast_head":"<!-- This site is optimized with the Yoast SEO plugin v27.3 - https:\/\/yoast.com\/product\/yoast-seo-wordpress\/ -->\n<title>Video &amp; Color Grading Johanna H\u00f6rl<\/title>\n<meta name=\"description\" content=\"Mit professioneller Unterst\u00fctzung und viel Feingef\u00fchl sorge ich f\u00fcr optimale Farb-Ergebnisse bei Filmproduktionen, Werbe-Spots oder Videos.\" \/>\n<meta name=\"robots\" content=\"index, follow, max-snippet:-1, max-image-preview:large, max-video-preview:-1\" \/>\n<link rel=\"canonical\" href=\"https:\/\/video-hoerl.com\/?page_id=240\" \/>\n<meta property=\"og:locale\" content=\"de_DE\" \/>\n<meta property=\"og:type\" content=\"article\" \/>\n<meta property=\"og:title\" content=\"Video &amp; Color Grading Johanna H\u00f6rl\" \/>\n<meta property=\"og:description\" content=\"Mit professioneller Unterst\u00fctzung und viel Feingef\u00fchl sorge ich f\u00fcr optimale Farb-Ergebnisse bei Filmproduktionen, Werbe-Spots oder Videos.\" \/>\n<meta property=\"og:url\" content=\"https:\/\/video-hoerl.com\/?page_id=240\" \/>\n<meta property=\"og:site_name\" content=\"Video &amp; Color Grading Johanna H\u00f6rl\" \/>\n<meta property=\"article:modified_time\" content=\"2021-02-03T18:29:45+00:00\" \/>\n<meta name=\"twitter:card\" content=\"summary_large_image\" \/>\n<meta name=\"twitter:label1\" content=\"Gesch\u00e4tzte Lesezeit\" \/>\n\t<meta name=\"twitter:data1\" content=\"1\u00a0Minute\" \/>\n<script type=\"application\/ld+json\" class=\"yoast-schema-graph\">{\"@context\":\"https:\\\/\\\/schema.org\",\"@graph\":[{\"@type\":\"WebPage\",\"@id\":\"https:\\\/\\\/video-hoerl.com\\\/?page_id=240\",\"url\":\"https:\\\/\\\/video-hoerl.com\\\/?page_id=240\",\"name\":\"Video & Color Grading Johanna H\u00f6rl\",\"isPartOf\":{\"@id\":\"https:\\\/\\\/video-hoerl.com\\\/#website\"},\"datePublished\":\"2020-02-23T16:57:52+00:00\",\"dateModified\":\"2021-02-03T18:29:45+00:00\",\"description\":\"Mit professioneller Unterst\u00fctzung und viel Feingef\u00fchl sorge ich f\u00fcr optimale Farb-Ergebnisse bei Filmproduktionen, Werbe-Spots oder Videos.\",\"breadcrumb\":{\"@id\":\"https:\\\/\\\/video-hoerl.com\\\/?page_id=240#breadcrumb\"},\"inLanguage\":\"de\",\"potentialAction\":[{\"@type\":\"ReadAction\",\"target\":[\"https:\\\/\\\/video-hoerl.com\\\/?page_id=240\"]}]},{\"@type\":\"BreadcrumbList\",\"@id\":\"https:\\\/\\\/video-hoerl.com\\\/?page_id=240#breadcrumb\",\"itemListElement\":[{\"@type\":\"ListItem\",\"position\":1,\"name\":\"Startseite\",\"item\":\"https:\\\/\\\/video-hoerl.com\\\/\"},{\"@type\":\"ListItem\",\"position\":2,\"name\":\"Krav Maga Salzburg Land \u2013 Winterseminar 2019\"}]},{\"@type\":\"WebSite\",\"@id\":\"https:\\\/\\\/video-hoerl.com\\\/#website\",\"url\":\"https:\\\/\\\/video-hoerl.com\\\/\",\"name\":\"Video &amp; Color Grading Johanna H\u00f6rl\",\"description\":\"\",\"potentialAction\":[{\"@type\":\"SearchAction\",\"target\":{\"@type\":\"EntryPoint\",\"urlTemplate\":\"https:\\\/\\\/video-hoerl.com\\\/?s={search_term_string}\"},\"query-input\":{\"@type\":\"PropertyValueSpecification\",\"valueRequired\":true,\"valueName\":\"search_term_string\"}}],\"inLanguage\":\"de\"}]}<\/script>\n<!-- \/ Yoast SEO plugin. -->","yoast_head_json":{"title":"Video & Color Grading Johanna H\u00f6rl","description":"Mit professioneller Unterst\u00fctzung und viel Feingef\u00fchl sorge ich f\u00fcr optimale Farb-Ergebnisse bei Filmproduktionen, Werbe-Spots oder Videos.","robots":{"index":"index","follow":"follow","max-snippet":"max-snippet:-1","max-image-preview":"max-image-preview:large","max-video-preview":"max-video-preview:-1"},"canonical":"https:\/\/video-hoerl.com\/?page_id=240","og_locale":"de_DE","og_type":"article","og_title":"Video & Color Grading Johanna H\u00f6rl","og_description":"Mit professioneller Unterst\u00fctzung und viel Feingef\u00fchl sorge ich f\u00fcr optimale Farb-Ergebnisse bei Filmproduktionen, Werbe-Spots oder Videos.","og_url":"https:\/\/video-hoerl.com\/?page_id=240","og_site_name":"Video &amp; Color Grading Johanna H\u00f6rl","article_modified_time":"2021-02-03T18:29:45+00:00","twitter_card":"summary_large_image","twitter_misc":{"Gesch\u00e4tzte Lesezeit":"1\u00a0Minute"},"schema":{"@context":"https:\/\/schema.org","@graph":[{"@type":"WebPage","@id":"https:\/\/video-hoerl.com\/?page_id=240","url":"https:\/\/video-hoerl.com\/?page_id=240","name":"Video & Color Grading Johanna H\u00f6rl","isPartOf":{"@id":"https:\/\/video-hoerl.com\/#website"},"datePublished":"2020-02-23T16:57:52+00:00","dateModified":"2021-02-03T18:29:45+00:00","description":"Mit professioneller Unterst\u00fctzung und viel Feingef\u00fchl sorge ich f\u00fcr optimale Farb-Ergebnisse bei Filmproduktionen, Werbe-Spots oder Videos.","breadcrumb":{"@id":"https:\/\/video-hoerl.com\/?page_id=240#breadcrumb"},"inLanguage":"de","potentialAction":[{"@type":"ReadAction","target":["https:\/\/video-hoerl.com\/?page_id=240"]}]},{"@type":"BreadcrumbList","@id":"https:\/\/video-hoerl.com\/?page_id=240#breadcrumb","itemListElement":[{"@type":"ListItem","position":1,"name":"Startseite","item":"https:\/\/video-hoerl.com\/"},{"@type":"ListItem","position":2,"name":"Krav Maga Salzburg Land \u2013 Winterseminar 2019"}]},{"@type":"WebSite","@id":"https:\/\/video-hoerl.com\/#website","url":"https:\/\/video-hoerl.com\/","name":"Video &amp; Color Grading Johanna H\u00f6rl","description":"","potentialAction":[{"@type":"SearchAction","target":{"@type":"EntryPoint","urlTemplate":"https:\/\/video-hoerl.com\/?s={search_term_string}"},"query-input":{"@type":"PropertyValueSpecification","valueRequired":true,"valueName":"search_term_string"}}],"inLanguage":"de"}]}},"_links":{"self":[{"href":"https:\/\/video-hoerl.com\/index.php?rest_route=\/wp\/v2\/pages\/240","targetHints":{"allow":["GET"]}}],"collection":[{"href":"https:\/\/video-hoerl.com\/index.php?rest_route=\/wp\/v2\/pages"}],"about":[{"href":"https:\/\/video-hoerl.com\/index.php?rest_route=\/wp\/v2\/types\/page"}],"author":[{"embeddable":true,"href":"https:\/\/video-hoerl.com\/index.php?rest_route=\/wp\/v2\/users\/1"}],"replies":[{"embeddable":true,"href":"https:\/\/video-hoerl.com\/index.php?rest_route=%2Fwp%2Fv2%2Fcomments&post=240"}],"version-history":[{"count":15,"href":"https:\/\/video-hoerl.com\/index.php?rest_route=\/wp\/v2\/pages\/240\/revisions"}],"predecessor-version":[{"id":864,"href":"https:\/\/video-hoerl.com\/index.php?rest_route=\/wp\/v2\/pages\/240\/revisions\/864"}],"wp:attachment":[{"href":"https:\/\/video-hoerl.com\/index.php?rest_route=%2Fwp%2Fv2%2Fmedia&parent=240"}],"curies":[{"name":"wp","href":"https:\/\/api.w.org\/{rel}","templated":true}]}}