{"id":28,"date":"2019-09-11T12:22:15","date_gmt":"2019-09-11T12:22:15","guid":{"rendered":"https:\/\/video-hoerl.com\/?page_id=28"},"modified":"2020-12-17T15:52:30","modified_gmt":"2020-12-17T15:52:30","slug":"videos","status":"publish","type":"page","link":"https:\/\/video-hoerl.com\/?page_id=28","title":{"rendered":"Videos"},"content":{"rendered":"\t\t<div data-elementor-type=\"wp-page\" data-elementor-id=\"28\" class=\"elementor elementor-28\">\n\t\t\t\t\t\t<section class=\"elementor-section elementor-top-section elementor-element elementor-element-366d7b5 elementor-section-boxed elementor-section-height-default elementor-section-height-default\" data-id=\"366d7b5\" data-element_type=\"section\" data-e-type=\"section\">\n\t\t\t\t\t\t<div class=\"elementor-container elementor-column-gap-default\">\n\t\t\t\t\t<div class=\"elementor-column elementor-col-100 elementor-top-column elementor-element elementor-element-47e306e\" data-id=\"47e306e\" data-element_type=\"column\" data-e-type=\"column\">\n\t\t\t<div class=\"elementor-widget-wrap elementor-element-populated\">\n\t\t\t\t\t\t<div class=\"elementor-element elementor-element-47c1a0d elementor-widget elementor-widget-spacer\" data-id=\"47c1a0d\" data-element_type=\"widget\" data-e-type=\"widget\" data-widget_type=\"spacer.default\">\n\t\t\t\t<div class=\"elementor-widget-container\">\n\t\t\t\t\t\t\t<div class=\"elementor-spacer\">\n\t\t\t<div class=\"elementor-spacer-inner\"><\/div>\n\t\t<\/div>\n\t\t\t\t\t\t<\/div>\n\t\t\t\t<\/div>\n\t\t\t\t\t<\/div>\n\t\t<\/div>\n\t\t\t\t\t<\/div>\n\t\t<\/section>\n\t\t\t\t<section class=\"elementor-section elementor-top-section elementor-element elementor-element-f0519a6 elementor-section-boxed elementor-section-height-default elementor-section-height-default\" data-id=\"f0519a6\" data-element_type=\"section\" data-e-type=\"section\">\n\t\t\t\t\t\t<div class=\"elementor-container elementor-column-gap-extended\">\n\t\t\t\t\t<div class=\"elementor-column elementor-col-50 elementor-top-column elementor-element elementor-element-201df84\" data-id=\"201df84\" data-element_type=\"column\" data-e-type=\"column\">\n\t\t\t<div class=\"elementor-widget-wrap elementor-element-populated\">\n\t\t\t\t\t\t<div class=\"elementor-element elementor-element-9b16abb elementor-widget elementor-widget-image\" data-id=\"9b16abb\" data-element_type=\"widget\" data-e-type=\"widget\" data-widget_type=\"image.default\">\n\t\t\t\t<div class=\"elementor-widget-container\">\n\t\t\t\t\t\t\t\t\t\t\t\t\t\t\t\t<a href=\"https:\/\/video-hoerl.com\/?page_id=311\">\n\t\t\t\t\t\t\t<img decoding=\"async\" src=\"https:\/\/video-hoerl.com\/wp-content\/uploads\/elementor\/thumbs\/DoParkour-oln4d50fi5q0nwejsl9rd6dzfdn6g53kebvpzn8rga.jpg\" title=\"DoParkour\" alt=\"DoParkour\" loading=\"lazy\" \/>\t\t\t\t\t\t\t\t<\/a>\n\t\t\t\t\t\t\t\t\t\t\t\t\t\t\t<\/div>\n\t\t\t\t<\/div>\n\t\t\t\t\t<\/div>\n\t\t<\/div>\n\t\t\t\t<div class=\"elementor-column elementor-col-50 elementor-top-column elementor-element elementor-element-b76a837\" data-id=\"b76a837\" data-element_type=\"column\" data-e-type=\"column\">\n\t\t\t<div class=\"elementor-widget-wrap elementor-element-populated\">\n\t\t\t\t\t\t<div class=\"elementor-element elementor-element-1910a75 elementor-widget elementor-widget-text-editor\" data-id=\"1910a75\" data-element_type=\"widget\" data-e-type=\"widget\" data-widget_type=\"text-editor.default\">\n\t\t\t\t<div class=\"elementor-widget-container\">\n\t\t\t\t\t\t\t\t\t<p style=\"font-size: 24px; color: #ca9b52;\"><a href=\"https:\/\/video-hoerl.com\/?page_id=311\">DoParkour &#8211; Run durch Stuttgart<\/a><\/p>\n<p style=\"color: black; font-size: 17px; text-align: justify;\">Parkour ist ein Sport, den jeder machen kann. Dazu braucht man lediglich Spa\u00df an der Bewegung.\nStuttgart bietet viele Hotspots an denen die L\u00e4ufer ihrer Leidenschaft ausleben k\u00f6nnen.<\/p>\n<p style=\"color: black; font-size: 17px; text-align: justify;\">Dieser Clip spielt mit Zeitlupen und zeigt uns die Stadt aus der Sicht eines Parkour-L\u00e4ufers.<\/p>\t\t\t\t\t\t\t\t<\/div>\n\t\t\t\t<\/div>\n\t\t\t\t\t<\/div>\n\t\t<\/div>\n\t\t\t\t\t<\/div>\n\t\t<\/section>\n\t\t\t\t<section class=\"elementor-section elementor-top-section elementor-element elementor-element-2951758 elementor-section-boxed elementor-section-height-default elementor-section-height-default\" data-id=\"2951758\" data-element_type=\"section\" data-e-type=\"section\">\n\t\t\t\t\t\t<div class=\"elementor-container elementor-column-gap-default\">\n\t\t\t\t\t<div class=\"elementor-column elementor-col-100 elementor-top-column elementor-element elementor-element-b4271f8\" data-id=\"b4271f8\" data-element_type=\"column\" data-e-type=\"column\">\n\t\t\t<div class=\"elementor-widget-wrap elementor-element-populated\">\n\t\t\t\t\t\t<div class=\"elementor-element elementor-element-d09ca67 elementor-widget elementor-widget-spacer\" data-id=\"d09ca67\" data-element_type=\"widget\" data-e-type=\"widget\" data-widget_type=\"spacer.default\">\n\t\t\t\t<div class=\"elementor-widget-container\">\n\t\t\t\t\t\t\t<div class=\"elementor-spacer\">\n\t\t\t<div class=\"elementor-spacer-inner\"><\/div>\n\t\t<\/div>\n\t\t\t\t\t\t<\/div>\n\t\t\t\t<\/div>\n\t\t\t\t\t<\/div>\n\t\t<\/div>\n\t\t\t\t\t<\/div>\n\t\t<\/section>\n\t\t\t\t<section class=\"elementor-section elementor-top-section elementor-element elementor-element-18b23ce elementor-section-boxed elementor-section-height-default elementor-section-height-default\" data-id=\"18b23ce\" data-element_type=\"section\" data-e-type=\"section\">\n\t\t\t\t\t\t<div class=\"elementor-container elementor-column-gap-extended\">\n\t\t\t\t\t<div class=\"elementor-column elementor-col-50 elementor-top-column elementor-element elementor-element-a21bc45\" data-id=\"a21bc45\" data-element_type=\"column\" data-e-type=\"column\">\n\t\t\t<div class=\"elementor-widget-wrap elementor-element-populated\">\n\t\t\t\t\t\t<div class=\"elementor-element elementor-element-02cd019 elementor-widget elementor-widget-image\" data-id=\"02cd019\" data-element_type=\"widget\" data-e-type=\"widget\" data-widget_type=\"image.default\">\n\t\t\t\t<div class=\"elementor-widget-container\">\n\t\t\t\t\t\t\t\t\t\t\t\t\t\t\t\t<a href=\"https:\/\/video-hoerl.com\/?page_id=240\">\n\t\t\t\t\t\t\t<img decoding=\"async\" src=\"https:\/\/video-hoerl.com\/wp-content\/uploads\/elementor\/thumbs\/Krav-Maga-618355602-scaled-olln074aly3jwcofqr4c8f4rkfpwwc3emjw3ndfxfe.jpg\" title=\"Krav Maga\" alt=\"Kapap instructor demonstrates self defense techniques against a gun\" loading=\"lazy\" \/>\t\t\t\t\t\t\t\t<\/a>\n\t\t\t\t\t\t\t\t\t\t\t\t\t\t\t<\/div>\n\t\t\t\t<\/div>\n\t\t\t\t\t<\/div>\n\t\t<\/div>\n\t\t\t\t<div class=\"elementor-column elementor-col-50 elementor-top-column elementor-element elementor-element-9aba507\" data-id=\"9aba507\" data-element_type=\"column\" data-e-type=\"column\">\n\t\t\t<div class=\"elementor-widget-wrap elementor-element-populated\">\n\t\t\t\t\t\t<div class=\"elementor-element elementor-element-0233239 elementor-widget elementor-widget-text-editor\" data-id=\"0233239\" data-element_type=\"widget\" data-e-type=\"widget\" data-widget_type=\"text-editor.default\">\n\t\t\t\t<div class=\"elementor-widget-container\">\n\t\t\t\t\t\t\t\t\t<p style=\"font-size: 24px; color: #ca9b52;\"><a href=\"https:\/\/video-hoerl.com\/?page_id=240\">Krav Maga Salzburg Land &#8211; Winterseminar 2019<\/a><\/p>\n<p style=\"color: black; font-size: 17px; text-align: justify;\">Krav Maga vermittelt die israelische Kunst der Selbstverteidigung.\nW\u00e4hrend des viert\u00e4gigen Seminars trainierten die Teilnehmer verschiedenste Techniken. Sie bereiteten sich auf unterschiedliche Situationen vor, die\nSelbstverteidigung erfordern.<\/p>\n<p style=\"color: black; font-size: 17px; text-align: justify;\">Dieser After-Movie zeigt die unterschiedlichen Trainingseinheiten f\u00fcr Instruktoren und Kampfsport-Sch\u00fcler.<\/p>\t\t\t\t\t\t\t\t<\/div>\n\t\t\t\t<\/div>\n\t\t\t\t\t<\/div>\n\t\t<\/div>\n\t\t\t\t\t<\/div>\n\t\t<\/section>\n\t\t\t\t<section class=\"elementor-section elementor-top-section elementor-element elementor-element-0be9bbc elementor-section-boxed elementor-section-height-default elementor-section-height-default\" data-id=\"0be9bbc\" data-element_type=\"section\" data-e-type=\"section\">\n\t\t\t\t\t\t<div class=\"elementor-container elementor-column-gap-default\">\n\t\t\t\t\t<div class=\"elementor-column elementor-col-100 elementor-top-column elementor-element elementor-element-3133b8f\" data-id=\"3133b8f\" data-element_type=\"column\" data-e-type=\"column\">\n\t\t\t<div class=\"elementor-widget-wrap elementor-element-populated\">\n\t\t\t\t\t\t<div class=\"elementor-element elementor-element-ffd5db9 elementor-widget elementor-widget-spacer\" data-id=\"ffd5db9\" data-element_type=\"widget\" data-e-type=\"widget\" data-widget_type=\"spacer.default\">\n\t\t\t\t<div class=\"elementor-widget-container\">\n\t\t\t\t\t\t\t<div class=\"elementor-spacer\">\n\t\t\t<div class=\"elementor-spacer-inner\"><\/div>\n\t\t<\/div>\n\t\t\t\t\t\t<\/div>\n\t\t\t\t<\/div>\n\t\t\t\t\t<\/div>\n\t\t<\/div>\n\t\t\t\t\t<\/div>\n\t\t<\/section>\n\t\t\t\t<section class=\"elementor-section elementor-top-section elementor-element elementor-element-8619f43 elementor-section-boxed elementor-section-height-default elementor-section-height-default\" data-id=\"8619f43\" data-element_type=\"section\" data-e-type=\"section\">\n\t\t\t\t\t\t<div class=\"elementor-container elementor-column-gap-extended\">\n\t\t\t\t\t<div class=\"elementor-column elementor-col-50 elementor-top-column elementor-element elementor-element-3da1925\" data-id=\"3da1925\" data-element_type=\"column\" data-e-type=\"column\">\n\t\t\t<div class=\"elementor-widget-wrap elementor-element-populated\">\n\t\t\t\t\t\t<div class=\"elementor-element elementor-element-1fd0c07 elementor-widget elementor-widget-image\" data-id=\"1fd0c07\" data-element_type=\"widget\" data-e-type=\"widget\" data-widget_type=\"image.default\">\n\t\t\t\t<div class=\"elementor-widget-container\">\n\t\t\t\t\t\t\t\t\t\t\t\t\t\t\t\t<a href=\"https:\/\/video-hoerl.com\/?page_id=294\">\n\t\t\t\t\t\t\t<img decoding=\"async\" src=\"https:\/\/video-hoerl.com\/wp-content\/uploads\/elementor\/thumbs\/vlcsnap-2019-09-11-15h46m45s273-odm56l76ytjc51omq46dq4b5ge6xhralretie5p7ne.png\" title=\"Die Uhren der Zeit\" alt=\"Die Uhren der Zeit\" loading=\"lazy\" \/>\t\t\t\t\t\t\t\t<\/a>\n\t\t\t\t\t\t\t\t\t\t\t\t\t\t\t<\/div>\n\t\t\t\t<\/div>\n\t\t\t\t\t<\/div>\n\t\t<\/div>\n\t\t\t\t<div class=\"elementor-column elementor-col-50 elementor-top-column elementor-element elementor-element-a0f8be4\" data-id=\"a0f8be4\" data-element_type=\"column\" data-e-type=\"column\">\n\t\t\t<div class=\"elementor-widget-wrap elementor-element-populated\">\n\t\t\t\t\t\t<div class=\"elementor-element elementor-element-8e39a6a elementor-widget elementor-widget-text-editor\" data-id=\"8e39a6a\" data-element_type=\"widget\" data-e-type=\"widget\" data-widget_type=\"text-editor.default\">\n\t\t\t\t<div class=\"elementor-widget-container\">\n\t\t\t\t\t\t\t\t\t<p style=\"font-size: 24px; color: #ca9b52;\"><a href=\"https:\/\/video-hoerl.com\/?page_id=294\">Bayerischer Rundfunk &#8211; Die Uhren der Zeit<\/a><\/p>\n<p style=\"color: black; font-size: 17px; text-align: justify;\">Ist das Handwerk des Uhrmachers ein aussterbender Beruf?\nVerdr\u00e4ngen Smart Watches die klassischen Uhren?<\/p>\n<p style=\"color: black; font-size: 17px; text-align: justify;\">Diesen Fragen stellten wir uns im Rahmen der ARD-Themenwoche &#8222;Zukunft der Arbeit&#8220;.\nDer Uhrenhersteller &#8222;Mondaine&#8220; in der Schweiz und die Mitarbeiter von &#8222;Juwelier Kuhnle&#8220; in F\u00fcrth konnten uns diese und weitere Fragen beantworten.<\/p>\t\t\t\t\t\t\t\t<\/div>\n\t\t\t\t<\/div>\n\t\t\t\t\t<\/div>\n\t\t<\/div>\n\t\t\t\t\t<\/div>\n\t\t<\/section>\n\t\t\t\t<section class=\"elementor-section elementor-top-section elementor-element elementor-element-567ce88 elementor-section-boxed elementor-section-height-default elementor-section-height-default\" data-id=\"567ce88\" data-element_type=\"section\" data-e-type=\"section\">\n\t\t\t\t\t\t<div class=\"elementor-container elementor-column-gap-default\">\n\t\t\t\t\t<div class=\"elementor-column elementor-col-100 elementor-top-column elementor-element elementor-element-4017af5\" data-id=\"4017af5\" data-element_type=\"column\" data-e-type=\"column\">\n\t\t\t<div class=\"elementor-widget-wrap elementor-element-populated\">\n\t\t\t\t\t\t<div class=\"elementor-element elementor-element-2692bba elementor-widget elementor-widget-spacer\" data-id=\"2692bba\" data-element_type=\"widget\" data-e-type=\"widget\" data-widget_type=\"spacer.default\">\n\t\t\t\t<div class=\"elementor-widget-container\">\n\t\t\t\t\t\t\t<div class=\"elementor-spacer\">\n\t\t\t<div class=\"elementor-spacer-inner\"><\/div>\n\t\t<\/div>\n\t\t\t\t\t\t<\/div>\n\t\t\t\t<\/div>\n\t\t\t\t\t<\/div>\n\t\t<\/div>\n\t\t\t\t\t<\/div>\n\t\t<\/section>\n\t\t\t\t<section class=\"elementor-section elementor-top-section elementor-element elementor-element-0e750d1 elementor-section-boxed elementor-section-height-default elementor-section-height-default\" data-id=\"0e750d1\" data-element_type=\"section\" data-e-type=\"section\">\n\t\t\t\t\t\t<div class=\"elementor-container elementor-column-gap-default\">\n\t\t\t\t\t<div class=\"elementor-column elementor-col-50 elementor-top-column elementor-element elementor-element-3c2be4f\" data-id=\"3c2be4f\" data-element_type=\"column\" data-e-type=\"column\">\n\t\t\t<div class=\"elementor-widget-wrap elementor-element-populated\">\n\t\t\t\t\t\t<div class=\"elementor-element elementor-element-e6f1b29 elementor-widget elementor-widget-image\" data-id=\"e6f1b29\" data-element_type=\"widget\" data-e-type=\"widget\" data-widget_type=\"image.default\">\n\t\t\t\t<div class=\"elementor-widget-container\">\n\t\t\t\t\t\t\t\t\t\t\t\t\t\t\t\t<a href=\"https:\/\/video-hoerl.com\/?page_id=304\">\n\t\t\t\t\t\t\t<img decoding=\"async\" src=\"https:\/\/video-hoerl.com\/wp-content\/uploads\/elementor\/thumbs\/vlcsnap-2019-09-11-15h50m27s838-odm5c88bz199sthpsjxsop2prme7odomjbqe1xc6be.png\" title=\"Artenvielfalt\" alt=\"Artenvielfalt\" loading=\"lazy\" \/>\t\t\t\t\t\t\t\t<\/a>\n\t\t\t\t\t\t\t\t\t\t\t\t\t\t\t<\/div>\n\t\t\t\t<\/div>\n\t\t\t\t\t<\/div>\n\t\t<\/div>\n\t\t\t\t<div class=\"elementor-column elementor-col-50 elementor-top-column elementor-element elementor-element-f91326f\" data-id=\"f91326f\" data-element_type=\"column\" data-e-type=\"column\">\n\t\t\t<div class=\"elementor-widget-wrap elementor-element-populated\">\n\t\t\t\t\t\t<div class=\"elementor-element elementor-element-998fcde elementor-widget elementor-widget-text-editor\" data-id=\"998fcde\" data-element_type=\"widget\" data-e-type=\"widget\" data-widget_type=\"text-editor.default\">\n\t\t\t\t<div class=\"elementor-widget-container\">\n\t\t\t\t\t\t\t\t\t<p style=\"font-size: 24px; color: #ca9b52;\"><a href=\"https:\/\/video-hoerl.com\/?page_id=304\">LfL &#8211; Lebensr\u00e4ume f\u00fcr die Artenvielfalt<\/a><\/p>\n<p style=\"color: black; font-size: 17px; text-align: justify;\">Die Wildlebensraumberatung der Bayerischen Landesanstalt f\u00fcr Landwirtschaft hat es sich zur Aufgabe gemacht, Lebensr\u00e4ume zu verbessern, Wildtiere zu f\u00f6rdern und Mensch und Natur zu verbinden.<\/p>\n<p style=\"color: black; font-size: 17px; text-align: justify;\">Welche Ma\u00dfnahmen der Bayerische Staat daf\u00fcr anbietet und wie man selbst aktiv werden kann, zeigt dieser Film.<\/p>\t\t\t\t\t\t\t\t<\/div>\n\t\t\t\t<\/div>\n\t\t\t\t\t<\/div>\n\t\t<\/div>\n\t\t\t\t\t<\/div>\n\t\t<\/section>\n\t\t\t\t<section class=\"elementor-section elementor-top-section elementor-element elementor-element-d98cd66 elementor-section-boxed elementor-section-height-default elementor-section-height-default\" data-id=\"d98cd66\" data-element_type=\"section\" data-e-type=\"section\">\n\t\t\t\t\t\t<div class=\"elementor-container elementor-column-gap-default\">\n\t\t\t\t\t<div class=\"elementor-column elementor-col-100 elementor-top-column elementor-element elementor-element-996a125\" data-id=\"996a125\" data-element_type=\"column\" data-e-type=\"column\">\n\t\t\t<div class=\"elementor-widget-wrap elementor-element-populated\">\n\t\t\t\t\t\t<div class=\"elementor-element elementor-element-540df45 elementor-widget elementor-widget-spacer\" data-id=\"540df45\" data-element_type=\"widget\" data-e-type=\"widget\" data-widget_type=\"spacer.default\">\n\t\t\t\t<div class=\"elementor-widget-container\">\n\t\t\t\t\t\t\t<div class=\"elementor-spacer\">\n\t\t\t<div class=\"elementor-spacer-inner\"><\/div>\n\t\t<\/div>\n\t\t\t\t\t\t<\/div>\n\t\t\t\t<\/div>\n\t\t\t\t\t<\/div>\n\t\t<\/div>\n\t\t\t\t\t<\/div>\n\t\t<\/section>\n\t\t\t\t<\/div>\n\t\t","protected":false},"excerpt":{"rendered":"<p>DoParkour &#8211; Run durch Stuttgart Parkour ist ein Sport, den jeder machen kann. Dazu braucht man lediglich Spa\u00df an der Bewegung. Stuttgart bietet viele Hotspots an denen die L\u00e4ufer ihrer Leidenschaft ausleben k\u00f6nnen. Dieser Clip spielt mit Zeitlupen und zeigt uns die Stadt aus der Sicht eines Parkour-L\u00e4ufers. Krav Maga Salzburg Land &#8211; Winterseminar 2019 Krav Maga vermittelt die israelische Kunst der Selbstverteidigung. W\u00e4hrend des viert\u00e4gigen Seminars trainierten die Teilnehmer verschiedenste Techniken. Sie bereiteten sich auf unterschiedliche Situationen vor, die Selbstverteidigung erfordern. Dieser After-Movie zeigt die unterschiedlichen Trainingseinheiten f\u00fcr Instruktoren und Kampfsport-Sch\u00fcler. Bayerischer Rundfunk &#8211; Die Uhren der Zeit Ist das Handwerk des Uhrmachers ein aussterbender Beruf? Verdr\u00e4ngen Smart Watches die klassischen Uhren? Diesen Fragen stellten wir uns im Rahmen der ARD-Themenwoche &#8222;Zukunft der Arbeit&#8220;. Der Uhrenhersteller &#8222;Mondaine&#8220; in der Schweiz und die Mitarbeiter von &#8222;Juwelier Kuhnle&#8220; in F\u00fcrth konnten uns diese und weitere Fragen beantworten. LfL &#8211; Lebensr\u00e4ume f\u00fcr die Artenvielfalt Die Wildlebensraumberatung der Bayerischen Landesanstalt f\u00fcr Landwirtschaft hat es sich zur Aufgabe gemacht, Lebensr\u00e4ume zu verbessern, Wildtiere zu f\u00f6rdern und Mensch und Natur zu verbinden. Welche Ma\u00dfnahmen der Bayerische Staat daf\u00fcr anbietet und wie man selbst aktiv werden kann, zeigt dieser Film.<\/p>\n","protected":false},"author":1,"featured_media":0,"parent":0,"menu_order":0,"comment_status":"closed","ping_status":"closed","template":"elementor_header_footer","meta":{"footnotes":""},"class_list":["post-28","page","type-page","status-publish","hentry"],"yoast_head":"<!-- This site is optimized with the Yoast SEO plugin v27.3 - https:\/\/yoast.com\/product\/yoast-seo-wordpress\/ -->\n<title>Video &amp; Color Grading Johanna H\u00f6rl<\/title>\n<meta name=\"description\" content=\"Mit professioneller Unterst\u00fctzung und viel Feingef\u00fchl sorge ich f\u00fcr optimale Farb-Ergebnisse bei Filmproduktionen, Werbe-Spots oder Videos.\" \/>\n<meta name=\"robots\" content=\"index, follow, max-snippet:-1, max-image-preview:large, max-video-preview:-1\" \/>\n<link rel=\"canonical\" href=\"https:\/\/video-hoerl.com\/?page_id=28\" \/>\n<meta property=\"og:locale\" content=\"de_DE\" \/>\n<meta property=\"og:type\" content=\"article\" \/>\n<meta property=\"og:title\" content=\"Video &amp; Color Grading Johanna H\u00f6rl\" \/>\n<meta property=\"og:description\" content=\"Mit professioneller Unterst\u00fctzung und viel Feingef\u00fchl sorge ich f\u00fcr optimale Farb-Ergebnisse bei Filmproduktionen, Werbe-Spots oder Videos.\" \/>\n<meta property=\"og:url\" content=\"https:\/\/video-hoerl.com\/?page_id=28\" \/>\n<meta property=\"og:site_name\" content=\"Video &amp; Color Grading Johanna H\u00f6rl\" \/>\n<meta property=\"article:modified_time\" content=\"2020-12-17T15:52:30+00:00\" \/>\n<meta property=\"og:image\" content=\"https:\/\/video-hoerl.com\/wp-content\/uploads\/elementor\/thumbs\/DoParkour-oln4d50fi5q0nwejsl9rd6dzfdn6g53kebvpzn8rga.jpg\" \/>\n<meta name=\"twitter:card\" content=\"summary_large_image\" \/>\n<meta name=\"twitter:label1\" content=\"Gesch\u00e4tzte Lesezeit\" \/>\n\t<meta name=\"twitter:data1\" content=\"1\u00a0Minute\" \/>\n<script type=\"application\/ld+json\" class=\"yoast-schema-graph\">{\"@context\":\"https:\\\/\\\/schema.org\",\"@graph\":[{\"@type\":\"WebPage\",\"@id\":\"https:\\\/\\\/video-hoerl.com\\\/?page_id=28\",\"url\":\"https:\\\/\\\/video-hoerl.com\\\/?page_id=28\",\"name\":\"Video & Color Grading Johanna H\u00f6rl\",\"isPartOf\":{\"@id\":\"https:\\\/\\\/video-hoerl.com\\\/#website\"},\"primaryImageOfPage\":{\"@id\":\"https:\\\/\\\/video-hoerl.com\\\/?page_id=28#primaryimage\"},\"image\":{\"@id\":\"https:\\\/\\\/video-hoerl.com\\\/?page_id=28#primaryimage\"},\"thumbnailUrl\":\"https:\\\/\\\/video-hoerl.com\\\/wp-content\\\/uploads\\\/elementor\\\/thumbs\\\/DoParkour-oln4d50fi5q0nwejsl9rd6dzfdn6g53kebvpzn8rga.jpg\",\"datePublished\":\"2019-09-11T12:22:15+00:00\",\"dateModified\":\"2020-12-17T15:52:30+00:00\",\"description\":\"Mit professioneller Unterst\u00fctzung und viel Feingef\u00fchl sorge ich f\u00fcr optimale Farb-Ergebnisse bei Filmproduktionen, Werbe-Spots oder Videos.\",\"breadcrumb\":{\"@id\":\"https:\\\/\\\/video-hoerl.com\\\/?page_id=28#breadcrumb\"},\"inLanguage\":\"de\",\"potentialAction\":[{\"@type\":\"ReadAction\",\"target\":[\"https:\\\/\\\/video-hoerl.com\\\/?page_id=28\"]}]},{\"@type\":\"ImageObject\",\"inLanguage\":\"de\",\"@id\":\"https:\\\/\\\/video-hoerl.com\\\/?page_id=28#primaryimage\",\"url\":\"https:\\\/\\\/video-hoerl.com\\\/wp-content\\\/uploads\\\/elementor\\\/thumbs\\\/DoParkour-oln4d50fi5q0nwejsl9rd6dzfdn6g53kebvpzn8rga.jpg\",\"contentUrl\":\"https:\\\/\\\/video-hoerl.com\\\/wp-content\\\/uploads\\\/elementor\\\/thumbs\\\/DoParkour-oln4d50fi5q0nwejsl9rd6dzfdn6g53kebvpzn8rga.jpg\"},{\"@type\":\"BreadcrumbList\",\"@id\":\"https:\\\/\\\/video-hoerl.com\\\/?page_id=28#breadcrumb\",\"itemListElement\":[{\"@type\":\"ListItem\",\"position\":1,\"name\":\"Startseite\",\"item\":\"https:\\\/\\\/video-hoerl.com\\\/\"},{\"@type\":\"ListItem\",\"position\":2,\"name\":\"Videos\"}]},{\"@type\":\"WebSite\",\"@id\":\"https:\\\/\\\/video-hoerl.com\\\/#website\",\"url\":\"https:\\\/\\\/video-hoerl.com\\\/\",\"name\":\"Video &amp; Color Grading Johanna H\u00f6rl\",\"description\":\"\",\"potentialAction\":[{\"@type\":\"SearchAction\",\"target\":{\"@type\":\"EntryPoint\",\"urlTemplate\":\"https:\\\/\\\/video-hoerl.com\\\/?s={search_term_string}\"},\"query-input\":{\"@type\":\"PropertyValueSpecification\",\"valueRequired\":true,\"valueName\":\"search_term_string\"}}],\"inLanguage\":\"de\"}]}<\/script>\n<!-- \/ Yoast SEO plugin. -->","yoast_head_json":{"title":"Video & Color Grading Johanna H\u00f6rl","description":"Mit professioneller Unterst\u00fctzung und viel Feingef\u00fchl sorge ich f\u00fcr optimale Farb-Ergebnisse bei Filmproduktionen, Werbe-Spots oder Videos.","robots":{"index":"index","follow":"follow","max-snippet":"max-snippet:-1","max-image-preview":"max-image-preview:large","max-video-preview":"max-video-preview:-1"},"canonical":"https:\/\/video-hoerl.com\/?page_id=28","og_locale":"de_DE","og_type":"article","og_title":"Video & Color Grading Johanna H\u00f6rl","og_description":"Mit professioneller Unterst\u00fctzung und viel Feingef\u00fchl sorge ich f\u00fcr optimale Farb-Ergebnisse bei Filmproduktionen, Werbe-Spots oder Videos.","og_url":"https:\/\/video-hoerl.com\/?page_id=28","og_site_name":"Video &amp; Color Grading Johanna H\u00f6rl","article_modified_time":"2020-12-17T15:52:30+00:00","og_image":[{"url":"https:\/\/video-hoerl.com\/wp-content\/uploads\/elementor\/thumbs\/DoParkour-oln4d50fi5q0nwejsl9rd6dzfdn6g53kebvpzn8rga.jpg","type":"","width":"","height":""}],"twitter_card":"summary_large_image","twitter_misc":{"Gesch\u00e4tzte Lesezeit":"1\u00a0Minute"},"schema":{"@context":"https:\/\/schema.org","@graph":[{"@type":"WebPage","@id":"https:\/\/video-hoerl.com\/?page_id=28","url":"https:\/\/video-hoerl.com\/?page_id=28","name":"Video & Color Grading Johanna H\u00f6rl","isPartOf":{"@id":"https:\/\/video-hoerl.com\/#website"},"primaryImageOfPage":{"@id":"https:\/\/video-hoerl.com\/?page_id=28#primaryimage"},"image":{"@id":"https:\/\/video-hoerl.com\/?page_id=28#primaryimage"},"thumbnailUrl":"https:\/\/video-hoerl.com\/wp-content\/uploads\/elementor\/thumbs\/DoParkour-oln4d50fi5q0nwejsl9rd6dzfdn6g53kebvpzn8rga.jpg","datePublished":"2019-09-11T12:22:15+00:00","dateModified":"2020-12-17T15:52:30+00:00","description":"Mit professioneller Unterst\u00fctzung und viel Feingef\u00fchl sorge ich f\u00fcr optimale Farb-Ergebnisse bei Filmproduktionen, Werbe-Spots oder Videos.","breadcrumb":{"@id":"https:\/\/video-hoerl.com\/?page_id=28#breadcrumb"},"inLanguage":"de","potentialAction":[{"@type":"ReadAction","target":["https:\/\/video-hoerl.com\/?page_id=28"]}]},{"@type":"ImageObject","inLanguage":"de","@id":"https:\/\/video-hoerl.com\/?page_id=28#primaryimage","url":"https:\/\/video-hoerl.com\/wp-content\/uploads\/elementor\/thumbs\/DoParkour-oln4d50fi5q0nwejsl9rd6dzfdn6g53kebvpzn8rga.jpg","contentUrl":"https:\/\/video-hoerl.com\/wp-content\/uploads\/elementor\/thumbs\/DoParkour-oln4d50fi5q0nwejsl9rd6dzfdn6g53kebvpzn8rga.jpg"},{"@type":"BreadcrumbList","@id":"https:\/\/video-hoerl.com\/?page_id=28#breadcrumb","itemListElement":[{"@type":"ListItem","position":1,"name":"Startseite","item":"https:\/\/video-hoerl.com\/"},{"@type":"ListItem","position":2,"name":"Videos"}]},{"@type":"WebSite","@id":"https:\/\/video-hoerl.com\/#website","url":"https:\/\/video-hoerl.com\/","name":"Video &amp; Color Grading Johanna H\u00f6rl","description":"","potentialAction":[{"@type":"SearchAction","target":{"@type":"EntryPoint","urlTemplate":"https:\/\/video-hoerl.com\/?s={search_term_string}"},"query-input":{"@type":"PropertyValueSpecification","valueRequired":true,"valueName":"search_term_string"}}],"inLanguage":"de"}]}},"_links":{"self":[{"href":"https:\/\/video-hoerl.com\/index.php?rest_route=\/wp\/v2\/pages\/28","targetHints":{"allow":["GET"]}}],"collection":[{"href":"https:\/\/video-hoerl.com\/index.php?rest_route=\/wp\/v2\/pages"}],"about":[{"href":"https:\/\/video-hoerl.com\/index.php?rest_route=\/wp\/v2\/types\/page"}],"author":[{"embeddable":true,"href":"https:\/\/video-hoerl.com\/index.php?rest_route=\/wp\/v2\/users\/1"}],"replies":[{"embeddable":true,"href":"https:\/\/video-hoerl.com\/index.php?rest_route=%2Fwp%2Fv2%2Fcomments&post=28"}],"version-history":[{"count":79,"href":"https:\/\/video-hoerl.com\/index.php?rest_route=\/wp\/v2\/pages\/28\/revisions"}],"predecessor-version":[{"id":722,"href":"https:\/\/video-hoerl.com\/index.php?rest_route=\/wp\/v2\/pages\/28\/revisions\/722"}],"wp:attachment":[{"href":"https:\/\/video-hoerl.com\/index.php?rest_route=%2Fwp%2Fv2%2Fmedia&parent=28"}],"curies":[{"name":"wp","href":"https:\/\/api.w.org\/{rel}","templated":true}]}}