{"id":311,"date":"2020-02-23T18:32:48","date_gmt":"2020-02-23T18:32:48","guid":{"rendered":"https:\/\/video-hoerl.com\/?page_id=311"},"modified":"2022-07-10T14:04:05","modified_gmt":"2022-07-10T14:04:05","slug":"doparkour-run-durch-stuttgart","status":"publish","type":"page","link":"https:\/\/video-hoerl.com\/?page_id=311","title":{"rendered":"DoParkour &#8211; Run durch Stuttgart"},"content":{"rendered":"\t\t<div data-elementor-type=\"wp-page\" data-elementor-id=\"311\" class=\"elementor elementor-311\">\n\t\t\t\t\t\t<section class=\"elementor-section elementor-top-section elementor-element elementor-element-53875f3 elementor-section-boxed elementor-section-height-default elementor-section-height-default\" data-id=\"53875f3\" data-element_type=\"section\" data-e-type=\"section\">\n\t\t\t\t\t\t<div class=\"elementor-container elementor-column-gap-default\">\n\t\t\t\t\t<div class=\"elementor-column elementor-col-100 elementor-top-column elementor-element elementor-element-5b37cd0\" data-id=\"5b37cd0\" data-element_type=\"column\" data-e-type=\"column\">\n\t\t\t<div class=\"elementor-widget-wrap elementor-element-populated\">\n\t\t\t\t\t\t<div class=\"elementor-element elementor-element-a25577d elementor-widget elementor-widget-spacer\" data-id=\"a25577d\" data-element_type=\"widget\" data-e-type=\"widget\" data-widget_type=\"spacer.default\">\n\t\t\t\t<div class=\"elementor-widget-container\">\n\t\t\t\t\t\t\t<div class=\"elementor-spacer\">\n\t\t\t<div class=\"elementor-spacer-inner\"><\/div>\n\t\t<\/div>\n\t\t\t\t\t\t<\/div>\n\t\t\t\t<\/div>\n\t\t\t\t\t<\/div>\n\t\t<\/div>\n\t\t\t\t\t<\/div>\n\t\t<\/section>\n\t\t\t\t<section class=\"elementor-section elementor-top-section elementor-element elementor-element-ebb6b46 elementor-section-boxed elementor-section-height-default elementor-section-height-default\" data-id=\"ebb6b46\" data-element_type=\"section\" data-e-type=\"section\">\n\t\t\t\t\t\t<div class=\"elementor-container elementor-column-gap-default\">\n\t\t\t\t\t<div class=\"elementor-column elementor-col-100 elementor-top-column elementor-element elementor-element-3936f4c\" data-id=\"3936f4c\" data-element_type=\"column\" data-e-type=\"column\">\n\t\t\t<div class=\"elementor-widget-wrap elementor-element-populated\">\n\t\t\t\t\t\t<div class=\"elementor-element elementor-element-9e30283 elementor-widget elementor-widget-text-editor\" data-id=\"9e30283\" data-element_type=\"widget\" data-e-type=\"widget\" data-widget_type=\"text-editor.default\">\n\t\t\t\t<div class=\"elementor-widget-container\">\n\t\t\t\t\t\t\t\t\t<p style=\"font-size: 24px; color: #ca9b52;\">DoParkour &#8211; Run durch Stuttgart<\/p>\t\t\t\t\t\t\t\t<\/div>\n\t\t\t\t<\/div>\n\t\t\t\t\t<\/div>\n\t\t<\/div>\n\t\t\t\t\t<\/div>\n\t\t<\/section>\n\t\t\t\t<section class=\"elementor-section elementor-top-section elementor-element elementor-element-eac505c elementor-section-boxed elementor-section-height-default elementor-section-height-default\" data-id=\"eac505c\" data-element_type=\"section\" data-e-type=\"section\">\n\t\t\t\t\t\t<div class=\"elementor-container elementor-column-gap-default\">\n\t\t\t\t\t<div class=\"elementor-column elementor-col-100 elementor-top-column elementor-element elementor-element-25e8d1b\" data-id=\"25e8d1b\" data-element_type=\"column\" data-e-type=\"column\">\n\t\t\t<div class=\"elementor-widget-wrap elementor-element-populated\">\n\t\t\t\t\t\t<div class=\"elementor-element elementor-element-cf83840 elementor-widget elementor-widget-video\" data-id=\"cf83840\" data-element_type=\"widget\" data-e-type=\"widget\" data-settings=\"{&quot;youtube_url&quot;:&quot;https:\\\/\\\/youtu.be\\\/xqk8dHoM1Fo&quot;,&quot;video_type&quot;:&quot;youtube&quot;,&quot;controls&quot;:&quot;yes&quot;}\" data-widget_type=\"video.default\">\n\t\t\t\t<div class=\"elementor-widget-container\">\n\t\t\t\t\t\t\t<div class=\"elementor-wrapper elementor-open-inline\">\n\t\t\t<div class=\"elementor-video\"><\/div>\t\t<\/div>\n\t\t\t\t\t\t<\/div>\n\t\t\t\t<\/div>\n\t\t\t\t\t<\/div>\n\t\t<\/div>\n\t\t\t\t\t<\/div>\n\t\t<\/section>\n\t\t\t\t<section class=\"elementor-section elementor-top-section elementor-element elementor-element-9c4f667 elementor-section-boxed elementor-section-height-default elementor-section-height-default\" data-id=\"9c4f667\" data-element_type=\"section\" data-e-type=\"section\">\n\t\t\t\t\t\t<div class=\"elementor-container elementor-column-gap-default\">\n\t\t\t\t\t<div class=\"elementor-column elementor-col-100 elementor-top-column elementor-element elementor-element-d42c6f4\" data-id=\"d42c6f4\" data-element_type=\"column\" data-e-type=\"column\">\n\t\t\t<div class=\"elementor-widget-wrap\">\n\t\t\t\t\t\t\t<\/div>\n\t\t<\/div>\n\t\t\t\t\t<\/div>\n\t\t<\/section>\n\t\t\t\t<section class=\"elementor-section elementor-top-section elementor-element elementor-element-a253ac9 elementor-section-boxed elementor-section-height-default elementor-section-height-default\" data-id=\"a253ac9\" data-element_type=\"section\" data-e-type=\"section\">\n\t\t\t\t\t\t<div class=\"elementor-container elementor-column-gap-default\">\n\t\t\t\t\t<div class=\"elementor-column elementor-col-100 elementor-top-column elementor-element elementor-element-a2dd9e4\" data-id=\"a2dd9e4\" data-element_type=\"column\" data-e-type=\"column\">\n\t\t\t<div class=\"elementor-widget-wrap elementor-element-populated\">\n\t\t\t\t\t\t<div class=\"elementor-element elementor-element-5d5a40b elementor-widget elementor-widget-text-editor\" data-id=\"5d5a40b\" data-element_type=\"widget\" data-e-type=\"widget\" data-widget_type=\"text-editor.default\">\n\t\t\t\t<div class=\"elementor-widget-container\">\n\t\t\t\t\t\t\t\t\t<p style=\"color: black; font-size: 17px;\"><strong>DoParkour &#8211; Run durch Stuttgart<\/strong><br>\nGedreht mit einer Sony PXW FS5 in S-Log.<br>\nVerantwortlich f\u00fcr Kamera und Grading.<\/p>\t\t\t\t\t\t\t\t<\/div>\n\t\t\t\t<\/div>\n\t\t\t\t<div class=\"elementor-element elementor-element-5343e63 elementor-widget elementor-widget-spacer\" data-id=\"5343e63\" data-element_type=\"widget\" data-e-type=\"widget\" data-widget_type=\"spacer.default\">\n\t\t\t\t<div class=\"elementor-widget-container\">\n\t\t\t\t\t\t\t<div class=\"elementor-spacer\">\n\t\t\t<div class=\"elementor-spacer-inner\"><\/div>\n\t\t<\/div>\n\t\t\t\t\t\t<\/div>\n\t\t\t\t<\/div>\n\t\t\t\t\t<\/div>\n\t\t<\/div>\n\t\t\t\t\t<\/div>\n\t\t<\/section>\n\t\t\t\t<\/div>\n\t\t","protected":false},"excerpt":{"rendered":"<p>DoParkour &#8211; Run durch Stuttgart https:\/\/youtu.be\/xqk8dHoM1Fo DoParkour &#8211; Run durch Stuttgart Gedreht mit einer Sony PXW FS5 in S-Log. Verantwortlich f\u00fcr Kamera und Grading.<\/p>\n","protected":false},"author":1,"featured_media":0,"parent":0,"menu_order":0,"comment_status":"closed","ping_status":"closed","template":"elementor_header_footer","meta":{"footnotes":""},"class_list":["post-311","page","type-page","status-publish","hentry"],"yoast_head":"<!-- This site is optimized with the Yoast SEO plugin v27.3 - https:\/\/yoast.com\/product\/yoast-seo-wordpress\/ -->\n<title>Video &amp; Color Grading Johanna H\u00f6rl<\/title>\n<meta name=\"description\" content=\"Mit professioneller Unterst\u00fctzung und viel Feingef\u00fchl sorge ich f\u00fcr optimale Farb-Ergebnisse bei Filmproduktionen, Werbe-Spots oder Videos.\" \/>\n<meta name=\"robots\" content=\"index, follow, max-snippet:-1, max-image-preview:large, max-video-preview:-1\" \/>\n<link rel=\"canonical\" href=\"https:\/\/video-hoerl.com\/?page_id=311\" \/>\n<meta property=\"og:locale\" content=\"de_DE\" \/>\n<meta property=\"og:type\" content=\"article\" \/>\n<meta property=\"og:title\" content=\"Video &amp; Color Grading Johanna H\u00f6rl\" \/>\n<meta property=\"og:description\" content=\"Mit professioneller Unterst\u00fctzung und viel Feingef\u00fchl sorge ich f\u00fcr optimale Farb-Ergebnisse bei Filmproduktionen, Werbe-Spots oder Videos.\" \/>\n<meta property=\"og:url\" content=\"https:\/\/video-hoerl.com\/?page_id=311\" \/>\n<meta property=\"og:site_name\" content=\"Video &amp; Color Grading Johanna H\u00f6rl\" \/>\n<meta property=\"article:modified_time\" content=\"2022-07-10T14:04:05+00:00\" \/>\n<meta name=\"twitter:card\" content=\"summary_large_image\" \/>\n<meta name=\"twitter:label1\" content=\"Gesch\u00e4tzte Lesezeit\" \/>\n\t<meta name=\"twitter:data1\" content=\"1\u00a0Minute\" \/>\n<script type=\"application\/ld+json\" class=\"yoast-schema-graph\">{\"@context\":\"https:\\\/\\\/schema.org\",\"@graph\":[{\"@type\":\"WebPage\",\"@id\":\"https:\\\/\\\/video-hoerl.com\\\/?page_id=311\",\"url\":\"https:\\\/\\\/video-hoerl.com\\\/?page_id=311\",\"name\":\"Video & Color Grading Johanna H\u00f6rl\",\"isPartOf\":{\"@id\":\"https:\\\/\\\/video-hoerl.com\\\/#website\"},\"datePublished\":\"2020-02-23T18:32:48+00:00\",\"dateModified\":\"2022-07-10T14:04:05+00:00\",\"description\":\"Mit professioneller Unterst\u00fctzung und viel Feingef\u00fchl sorge ich f\u00fcr optimale Farb-Ergebnisse bei Filmproduktionen, Werbe-Spots oder Videos.\",\"breadcrumb\":{\"@id\":\"https:\\\/\\\/video-hoerl.com\\\/?page_id=311#breadcrumb\"},\"inLanguage\":\"de\",\"potentialAction\":[{\"@type\":\"ReadAction\",\"target\":[\"https:\\\/\\\/video-hoerl.com\\\/?page_id=311\"]}]},{\"@type\":\"BreadcrumbList\",\"@id\":\"https:\\\/\\\/video-hoerl.com\\\/?page_id=311#breadcrumb\",\"itemListElement\":[{\"@type\":\"ListItem\",\"position\":1,\"name\":\"Startseite\",\"item\":\"https:\\\/\\\/video-hoerl.com\\\/\"},{\"@type\":\"ListItem\",\"position\":2,\"name\":\"DoParkour &#8211; Run durch Stuttgart\"}]},{\"@type\":\"WebSite\",\"@id\":\"https:\\\/\\\/video-hoerl.com\\\/#website\",\"url\":\"https:\\\/\\\/video-hoerl.com\\\/\",\"name\":\"Video &amp; Color Grading Johanna H\u00f6rl\",\"description\":\"\",\"potentialAction\":[{\"@type\":\"SearchAction\",\"target\":{\"@type\":\"EntryPoint\",\"urlTemplate\":\"https:\\\/\\\/video-hoerl.com\\\/?s={search_term_string}\"},\"query-input\":{\"@type\":\"PropertyValueSpecification\",\"valueRequired\":true,\"valueName\":\"search_term_string\"}}],\"inLanguage\":\"de\"}]}<\/script>\n<!-- \/ Yoast SEO plugin. -->","yoast_head_json":{"title":"Video & Color Grading Johanna H\u00f6rl","description":"Mit professioneller Unterst\u00fctzung und viel Feingef\u00fchl sorge ich f\u00fcr optimale Farb-Ergebnisse bei Filmproduktionen, Werbe-Spots oder Videos.","robots":{"index":"index","follow":"follow","max-snippet":"max-snippet:-1","max-image-preview":"max-image-preview:large","max-video-preview":"max-video-preview:-1"},"canonical":"https:\/\/video-hoerl.com\/?page_id=311","og_locale":"de_DE","og_type":"article","og_title":"Video & Color Grading Johanna H\u00f6rl","og_description":"Mit professioneller Unterst\u00fctzung und viel Feingef\u00fchl sorge ich f\u00fcr optimale Farb-Ergebnisse bei Filmproduktionen, Werbe-Spots oder Videos.","og_url":"https:\/\/video-hoerl.com\/?page_id=311","og_site_name":"Video &amp; Color Grading Johanna H\u00f6rl","article_modified_time":"2022-07-10T14:04:05+00:00","twitter_card":"summary_large_image","twitter_misc":{"Gesch\u00e4tzte Lesezeit":"1\u00a0Minute"},"schema":{"@context":"https:\/\/schema.org","@graph":[{"@type":"WebPage","@id":"https:\/\/video-hoerl.com\/?page_id=311","url":"https:\/\/video-hoerl.com\/?page_id=311","name":"Video & Color Grading Johanna H\u00f6rl","isPartOf":{"@id":"https:\/\/video-hoerl.com\/#website"},"datePublished":"2020-02-23T18:32:48+00:00","dateModified":"2022-07-10T14:04:05+00:00","description":"Mit professioneller Unterst\u00fctzung und viel Feingef\u00fchl sorge ich f\u00fcr optimale Farb-Ergebnisse bei Filmproduktionen, Werbe-Spots oder Videos.","breadcrumb":{"@id":"https:\/\/video-hoerl.com\/?page_id=311#breadcrumb"},"inLanguage":"de","potentialAction":[{"@type":"ReadAction","target":["https:\/\/video-hoerl.com\/?page_id=311"]}]},{"@type":"BreadcrumbList","@id":"https:\/\/video-hoerl.com\/?page_id=311#breadcrumb","itemListElement":[{"@type":"ListItem","position":1,"name":"Startseite","item":"https:\/\/video-hoerl.com\/"},{"@type":"ListItem","position":2,"name":"DoParkour &#8211; Run durch Stuttgart"}]},{"@type":"WebSite","@id":"https:\/\/video-hoerl.com\/#website","url":"https:\/\/video-hoerl.com\/","name":"Video &amp; Color Grading Johanna H\u00f6rl","description":"","potentialAction":[{"@type":"SearchAction","target":{"@type":"EntryPoint","urlTemplate":"https:\/\/video-hoerl.com\/?s={search_term_string}"},"query-input":{"@type":"PropertyValueSpecification","valueRequired":true,"valueName":"search_term_string"}}],"inLanguage":"de"}]}},"_links":{"self":[{"href":"https:\/\/video-hoerl.com\/index.php?rest_route=\/wp\/v2\/pages\/311","targetHints":{"allow":["GET"]}}],"collection":[{"href":"https:\/\/video-hoerl.com\/index.php?rest_route=\/wp\/v2\/pages"}],"about":[{"href":"https:\/\/video-hoerl.com\/index.php?rest_route=\/wp\/v2\/types\/page"}],"author":[{"embeddable":true,"href":"https:\/\/video-hoerl.com\/index.php?rest_route=\/wp\/v2\/users\/1"}],"replies":[{"embeddable":true,"href":"https:\/\/video-hoerl.com\/index.php?rest_route=%2Fwp%2Fv2%2Fcomments&post=311"}],"version-history":[{"count":20,"href":"https:\/\/video-hoerl.com\/index.php?rest_route=\/wp\/v2\/pages\/311\/revisions"}],"predecessor-version":[{"id":929,"href":"https:\/\/video-hoerl.com\/index.php?rest_route=\/wp\/v2\/pages\/311\/revisions\/929"}],"wp:attachment":[{"href":"https:\/\/video-hoerl.com\/index.php?rest_route=%2Fwp%2Fv2%2Fmedia&parent=311"}],"curies":[{"name":"wp","href":"https:\/\/api.w.org\/{rel}","templated":true}]}}